{"id":13,"date":"2026-04-10T13:25:44","date_gmt":"2026-04-10T13:25:44","guid":{"rendered":"https:\/\/sardegnaeccellenzabio.it\/?page_id=13"},"modified":"2026-04-14T10:21:07","modified_gmt":"2026-04-14T10:21:07","slug":"home","status":"publish","type":"page","link":"https:\/\/sardegnaeccellenzabio.it\/","title":{"rendered":"Home"},"content":{"rendered":"<section class=\"bde-section-13-100 bde-section\">\n  \n  \n\t\n\n\n\n<div class=\"section-container\"><div class=\"bde-basicslider-13-101 bde-basicslider\" data-entrance=\"fade\" data-parallax=\"true\">\n<div class=\"breakdance-swiper-wrapper\" data-swiper-id=\"101\">\n    <div class=\"swiper\">\n      <div class=\"swiper-wrapper\">\n      \n\t                    \n        <div class=\"swiper-slide\">\n          <div class=\"bde-basicslider__slide\" style=\"  background: #fcbc8f;\n\">\n              <div class=\"bde-basicslider__content\">\n                                    <div class=\"bde-basicslider__text\">\n              <p>\u00a0 \u00a0\u00a0<\/p>\n            <\/div>\n                                    <\/div>\n\n\t\t\t\t\t\t          <img decoding=\"async\" class=\"breakdance-image-object bde-basicslider__image\" src=\"https:\/\/sardegnaeccellenzabio.it\/wp-content\/uploads\/2026\/04\/Slide1.jpg\" width=\"1300\" height=\"540\" srcset=\"https:\/\/sardegnaeccellenzabio.it\/wp-content\/uploads\/2026\/04\/Slide1.jpg 1300w, https:\/\/sardegnaeccellenzabio.it\/wp-content\/uploads\/2026\/04\/Slide1-300x125.jpg 300w, https:\/\/sardegnaeccellenzabio.it\/wp-content\/uploads\/2026\/04\/Slide1-1024x425.jpg 1024w, https:\/\/sardegnaeccellenzabio.it\/wp-content\/uploads\/2026\/04\/Slide1-768x319.jpg 768w\" sizes=\"auto, (max-width: 1300px) 100vw, 1300px\" loading=\"lazy\">\n\t\t\t\n          <\/div>\n        <\/div>\n       \n\t                    \n        <div class=\"swiper-slide\">\n          <div class=\"bde-basicslider__slide\" style=\"  background: #f0d9db;\n\">\n              <div class=\"bde-basicslider__content\">\n                                    <div class=\"bde-basicslider__text\">\n              <p>\u00a0 \u00a0\u00a0<\/p>\n            <\/div>\n                                    <\/div>\n\n\t\t\t\t\t\t          <img decoding=\"async\" class=\"breakdance-image-object bde-basicslider__image\" src=\"https:\/\/sardegnaeccellenzabio.it\/wp-content\/uploads\/2026\/04\/Cagliari_2_aprile_26.jpg\" width=\"2048\" height=\"1536\" srcset=\"https:\/\/sardegnaeccellenzabio.it\/wp-content\/uploads\/2026\/04\/Cagliari_2_aprile_26.jpg 2048w, https:\/\/sardegnaeccellenzabio.it\/wp-content\/uploads\/2026\/04\/Cagliari_2_aprile_26-300x225.jpg 300w, https:\/\/sardegnaeccellenzabio.it\/wp-content\/uploads\/2026\/04\/Cagliari_2_aprile_26-1024x768.jpg 1024w, https:\/\/sardegnaeccellenzabio.it\/wp-content\/uploads\/2026\/04\/Cagliari_2_aprile_26-768x576.jpg 768w, https:\/\/sardegnaeccellenzabio.it\/wp-content\/uploads\/2026\/04\/Cagliari_2_aprile_26-1536x1152.jpg 1536w\" sizes=\"auto, (max-width: 2048px) 100vw, 2048px\" loading=\"lazy\">\n\t\t\t\n          <\/div>\n        <\/div>\n       \n\t                    \n        <div class=\"swiper-slide\">\n          <div class=\"bde-basicslider__slide\" style=\"  background: #c0faf9;\n\">\n              <div class=\"bde-basicslider__content\">\n                                    <div class=\"bde-basicslider__text\">\n              <p>\u00a0 \u00a0 \u00a0<\/p>\n            <\/div>\n                                    <\/div>\n\n\t\t\t\t\t\t          <img decoding=\"async\" class=\"breakdance-image-object bde-basicslider__image\" src=\"https:\/\/sardegnaeccellenzabio.it\/wp-content\/uploads\/2026\/04\/Slide3.png\" width=\"1376\" height=\"768\" srcset=\"https:\/\/sardegnaeccellenzabio.it\/wp-content\/uploads\/2026\/04\/Slide3.png 1376w, https:\/\/sardegnaeccellenzabio.it\/wp-content\/uploads\/2026\/04\/Slide3-300x167.png 300w, https:\/\/sardegnaeccellenzabio.it\/wp-content\/uploads\/2026\/04\/Slide3-1024x572.png 1024w, https:\/\/sardegnaeccellenzabio.it\/wp-content\/uploads\/2026\/04\/Slide3-768x429.png 768w\" sizes=\"auto, (max-width: 1376px) 100vw, 1376px\" loading=\"lazy\">\n\t\t\t\n          <\/div>\n        <\/div>\n       \n      <\/div>\n    <\/div>\n        \n    \n<\/div>\n\n<\/div><div class=\"bde-columns-13-106 bde-columns\"><div class=\"bde-column-13-107 bde-column\">\n  \n  \n\t\n\n\n\n<img decoding=\"async\" class=\"bde-image2-13-109 bde-image2\" src=\"https:\/\/sardegnaeccellenzabio.it\/wp-content\/uploads\/2026\/04\/Logo1-300x178.jpg\" loading=\"lazy\" srcset=\"https:\/\/sardegnaeccellenzabio.it\/wp-content\/uploads\/2026\/04\/Logo1-300x178.jpg 300w, https:\/\/sardegnaeccellenzabio.it\/wp-content\/uploads\/2026\/04\/Logo1-768x455.jpg 768w\" sizes=\"(max-width: 300px) 100vw, 300px\">\n<\/div><div class=\"bde-column-13-108 bde-column\">\n  \n  \n\t\n\n\n\n<div class=\"bde-div-13-105 bde-div\">\n  \n  \n\t\n\n\n\n<h1 id=\"distretto\" class=\"bde-heading-13-104 bde-heading\">\nIl Distretto\n<\/h1><div class=\"bde-text-13-110 bde-text\">\nIn data 21\/05\/2021, con determinazione Rep. N. 293 prot. N. 10024 la Regione Sardegna ha ufficialmente riconosciuto il Distretto \u201cSardegna Bio\u201d ed \u00e8 stato iscritto al Registro Nazionale dei distretti del cibo.<br>\u00c8 stato un importantissimo atto che ha ufficializzato la nascita del primo Distretto Biologico della Sardegna, il primo Regionale e, di fatto, il pi\u00f9 grande d\u2019Italia.<br>Il Distretto \u201cSardegna Bio\u201d nasce nell\u2019Estate del 2020 grazie ad un Comitato Promotore costituito dall\u2019Associazione di Produttori Sardegna Bio (in qualit\u00e0 di capofila), ANCI Sardegna, Coldiretti Sardegna, la Fondazione ITS TAGS Filiera Agroalimentare della Sardegna, la Citt\u00e0 Metropolitana di Cagliari ed il Comune di Cagliari.<br>Dopo un processo partecipativo che ha portato all\u2019individuazione di otto filiere attive in Sardegna (Vitivinicola, Olivicola, Lattiero-casearia, Cerealicola, Prodotti dell\u2019alveare, Ortofrutticola, Carne), o che potrebbero diventarlo (filiera della lana) \u00e8 stato possibile effettuare, dal basso, un\u2019analisi dettagliata del comparto bio in Sardegna, e redare un Piano di Distretto dettagliato ed esaustivo nel quale sono stati elencati i fabbisogni delle differenti filiere.<br>Il Distretto, in seguito al riconoscimento, si \u00e8 costituito in Fondazione di partecipazione e conta gi\u00e0 su oltre 300 soci da tutta la Sardegna. Ma \u00e8 aperto a tutte le realt\u00e0 che ne vorranno far parte, siano esse aziende, associazioni o Enti pubblici a vantaggio dell\u2019intero territorio regionale.\n<\/div>\n<\/div>\n<\/div><\/div><div class=\"bde-columns-13-111 bde-columns\"><div class=\"bde-column-13-112 bde-column\">\n  \n  \n\t\n\n\n\n\n<\/div><div class=\"bde-column-13-114 bde-column\">\n  \n  \n\t\n\n\n\n<div class=\"bde-div-13-115 bde-div\">\n  \n  \n\t\n\n\n\n<h1 id=\"progetto\" class=\"bde-heading-13-116 bde-heading\">\nIl Progetto\n<\/h1><div class=\"bde-rich-text-13-118 bde-rich-text breakdance-rich-text-styles\">\n<p>Sardegna Eccellenza Bio \u00e8 un progetto, di ambito locale, rivolto a piccole e medie imprese del settore agricolo che operano in biologico o che sono interessate alla conversione. Gli obiettivi ricadono perfettamente in quelli richiesti dal presente bando in quanto saranno attivate<\/p>\n<p><strong>I) Iniziative per il trasferimento di conoscenze e azioni di informazione<\/strong><br \/>Saranno organizzati quindici incontri\/seminari il cui obiettivo principale sar\u00e0 quello di promuovere l\u2019informazione e la conoscenza del biologico. Ogni incontro prevedr\u00e0 la visita presso un\u2019azienda biologica socia del distretto al fine di promuovere le buone pratiche agronomiche ed incentivare le azioni di collaborazione tra aziende della stessa filiera. Altro obiettivo sar\u00e0 quello di aumentare le aziende che operano in biologico e favorire le filiere e i distretti di agricoltura biologica.<\/p>\n<p>Sarano affrontati i seguenti temi:<\/p>\n<ul>\n<li>la conversione all\u2019agricoltura biologica con particolare riguardo all\u2019uso sostenibile delle<br \/>risorse naturali e locali nei processi produttivi agricoli e alla tutela degli ecosistemi, tramite la proget-tazione e l\u2019innovazione al servizio di un\u2019economia circolare;<\/li>\n<li>l\u2019approccio territoriale, sia per la fase della conversione che del mantenimento della produzione bio-logica, favorendo la coesione e la partecipazione di tutti i soggetti economici e sociali;<\/li>\n<li>l\u2019organizzazione di attivit\u00e0 partecipative al fine di garantire la pi\u00f9 ampia adesione al Distretto;<\/li>\n<li>l\u2019integrazione delle attivit\u00e0 agricole biologiche con le altre attivit\u00e0 economiche presenti che ricadono all\u2019interno di aree paesaggisticamente rilevanti;<\/li>\n<li>la limitazione dell\u2019uso dei prodotti fitosanitari e il divieto all\u2019uso di diserbanti per la pulizia delle strade e delle aree pubbliche;<\/li>\n<li>l\u2019adozione da parte degli agricoltori convenzionali di pratiche necessarie per impedire l\u2019inquinamento accidentale delle coltivazioni biologiche;<\/li>\n<li>la divulgazione delle migliori pratiche messe in atto nei Distretti biologici;<\/li>\n<li>il sostegno alle attivit\u00e0 multifunzionali collegate alla produzione biologica, quali la somministrazione di cibi biologici nella ristorazione pubblica e collettiva, la vendita diretta di prodotti biologici, l\u2019attivit\u00e0 agrituristica e di pescaturismo, il turismo rurale, l\u2019agricoltura sociale (fattorie sociali e fattorie didatti-che), le azioni finalizzate alla tutela, alla valorizzazione e alla conservazione della biodiversit\u00e0 agricola e naturale, nonch\u00e9 la riduzione dell\u2019uso della plastica<\/li>\n<\/ul>\n<p><strong>II) Iniziative per servizi di consulenza per l\u2019agricoltura biologica<\/strong><br \/>Coerentemente con quanto previsto dal bando si intende attivare tavoli di incontro e di consulenza, in presenza e su piattaforma on-line, con esperti del settore e associazione di produttori, volti a supportare le aziende agricole attive nella produzione primaria, nelle attivit\u00e0 connesse (trasformazione, manipolazione, vendita, valorizzazione) relativamente alla produzione biologica e i giovani agricoltori mirati all\u2019avvio del processo di passaggio alla produzione biologica, alla fase di conversione, al migliora-mento della produzione biologica sia in termini di prestazioni economiche che ambientali.<\/p>\n<p><strong>III) Iniziative promozionali a favore dei prodotti agricoli biologici: organizzazione la partecipazione a concorsi, fiere ed esposizioni dedicate ai temi dell\u2019agricoltura biologica<\/strong><br \/>Si intende organizzare e partecipare a iniziative promozionali a favore dei prodotti biologici organizzando esposizioni dedicate ai temi dell\u2019agricoltura biologica e partecipando a concorsi, fiere ed esposizioni dedicate, anche in maniera non esclusiva, ai temi della produzione biologica;<br \/>dieci iniziative promozionali per la promozione dell\u2019agricoltura biologica e dei prodotti provenienti dalle varie filiere, anche partecipando ai mercati di Campagna Amica e all\u2019interno delle stesse saranno previsti momenti di: analisi sensoriale del gusto, masterclass, degustazioni e percorsi esperienziali, non facendo mai riferimento al nome di un'impresa, a un marchio o a un'origine particolari, fatta eccezione per il riferimento al biologico e alla Sardegna. Sar\u00e0 questa un importante occasione di promo-zione del territorio e del bio come sinonimo di qualit\u00e0 oltre che a favorire una sempre maggiore adesione al Distretto.<\/p>\n<\/div>\n<\/div>\n<\/div><\/div><\/div>\n<\/section>","protected":false},"excerpt":{"rendered":"<p>\u00a0 \u00a0\u00a0 \u00a0 \u00a0\u00a0 \u00a0 \u00a0 \u00a0 Il Distretto In data 21\/05\/2021, con determinazione Rep. N. 293 prot. N. 10024 la Regione Sardegna ha ufficialmente riconosciuto il Distretto \u201cSardegna Bio\u201d ed \u00e8 stato iscritto al Registro Nazionale dei distretti del cibo.\u00c8 stato un importantissimo atto che ha ufficializzato la nascita del primo Distretto Biologico della [&hellip;]<\/p>\n","protected":false},"author":1,"featured_media":0,"parent":0,"menu_order":0,"comment_status":"closed","ping_status":"closed","template":"","meta":{"_breakdance_hide_in_design_set":false,"_breakdance_tags":"","footnotes":""},"class_list":["post-13","page","type-page","status-publish","hentry"],"_links":{"self":[{"href":"https:\/\/sardegnaeccellenzabio.it\/index.php?rest_route=\/wp\/v2\/pages\/13","targetHints":{"allow":["GET"]}}],"collection":[{"href":"https:\/\/sardegnaeccellenzabio.it\/index.php?rest_route=\/wp\/v2\/pages"}],"about":[{"href":"https:\/\/sardegnaeccellenzabio.it\/index.php?rest_route=\/wp\/v2\/types\/page"}],"author":[{"embeddable":true,"href":"https:\/\/sardegnaeccellenzabio.it\/index.php?rest_route=\/wp\/v2\/users\/1"}],"replies":[{"embeddable":true,"href":"https:\/\/sardegnaeccellenzabio.it\/index.php?rest_route=%2Fwp%2Fv2%2Fcomments&post=13"}],"version-history":[{"count":30,"href":"https:\/\/sardegnaeccellenzabio.it\/index.php?rest_route=\/wp\/v2\/pages\/13\/revisions"}],"predecessor-version":[{"id":90,"href":"https:\/\/sardegnaeccellenzabio.it\/index.php?rest_route=\/wp\/v2\/pages\/13\/revisions\/90"}],"wp:attachment":[{"href":"https:\/\/sardegnaeccellenzabio.it\/index.php?rest_route=%2Fwp%2Fv2%2Fmedia&parent=13"}],"curies":[{"name":"wp","href":"https:\/\/api.w.org\/{rel}","templated":true}]}}